{"id":903,"date":"2021-06-07T13:16:22","date_gmt":"2021-06-07T11:16:22","guid":{"rendered":"https:\/\/cvmachining.cz\/about-us\/"},"modified":"2024-05-27T14:54:32","modified_gmt":"2024-05-27T12:54:32","slug":"about-us","status":"publish","type":"page","link":"https:\/\/cvmachining.cz\/en\/about-us\/","title":{"rendered":"About us"},"content":{"rendered":"","protected":false},"excerpt":{"rendered":"","protected":false},"author":1,"featured_media":0,"parent":0,"menu_order":0,"comment_status":"closed","ping_status":"closed","template":"templates\/about_us.php","meta":{"_acf_changed":false,"inline_featured_image":false,"footnotes":""},"acf":[],"yoast_head":"<!-- This site is optimized with the Yoast SEO plugin v24.5 - https:\/\/yoast.com\/wordpress\/plugins\/seo\/ -->\n<title>About us - CV Machnining s.r.o.<\/title>\n<meta name=\"description\" content=\"Specialist in productive machining of metal materials | Machining VIVA CV Zlin\" \/>\n<meta name=\"robots\" content=\"index, follow, max-snippet:-1, max-image-preview:large, max-video-preview:-1\" \/>\n<link rel=\"canonical\" href=\"https:\/\/cvmachining.cz\/en\/about-us\/\" \/>\n<meta property=\"og:locale\" content=\"en_US\" \/>\n<meta property=\"og:type\" content=\"article\" \/>\n<meta property=\"og:title\" content=\"About us - CV Machnining s.r.o.\" \/>\n<meta property=\"og:description\" content=\"Specialist in productive machining of metal materials | Machining VIVA CV Zlin\" \/>\n<meta property=\"og:url\" content=\"https:\/\/cvmachining.cz\/en\/about-us\/\" \/>\n<meta property=\"og:site_name\" content=\"CV Machining s.r.o.\" \/>\n<meta property=\"article:modified_time\" content=\"2024-05-27T12:54:32+00:00\" \/>\n<meta name=\"twitter:card\" content=\"summary_large_image\" \/>\n<script type=\"application\/ld+json\" class=\"yoast-schema-graph\">{\"@context\":\"https:\/\/schema.org\",\"@graph\":[{\"@type\":\"WebPage\",\"@id\":\"https:\/\/cvmachining.cz\/en\/about-us\/\",\"url\":\"https:\/\/cvmachining.cz\/en\/about-us\/\",\"name\":\"About us - CV Machnining s.r.o.\",\"isPartOf\":{\"@id\":\"https:\/\/cvmachining.cz\/en\/#website\"},\"datePublished\":\"2021-06-07T11:16:22+00:00\",\"dateModified\":\"2024-05-27T12:54:32+00:00\",\"description\":\"Specialist in productive machining of metal materials | Machining VIVA CV Zlin\",\"inLanguage\":\"en-US\",\"potentialAction\":[{\"@type\":\"ReadAction\",\"target\":[\"https:\/\/cvmachining.cz\/en\/about-us\/\"]}]},{\"@type\":\"WebSite\",\"@id\":\"https:\/\/cvmachining.cz\/en\/#website\",\"url\":\"https:\/\/cvmachining.cz\/en\/\",\"name\":\"CV Machining s.r.o.\",\"description\":\"Odborn\u00edci na obr\u00e1b\u011bn\u00ed v\u00fdkovk\u016f\",\"publisher\":{\"@id\":\"https:\/\/cvmachining.cz\/en\/#organization\"},\"potentialAction\":[{\"@type\":\"SearchAction\",\"target\":{\"@type\":\"EntryPoint\",\"urlTemplate\":\"https:\/\/cvmachining.cz\/en\/?s={search_term_string}\"},\"query-input\":{\"@type\":\"PropertyValueSpecification\",\"valueRequired\":true,\"valueName\":\"search_term_string\"}}],\"inLanguage\":\"en-US\"},{\"@type\":\"Organization\",\"@id\":\"https:\/\/cvmachining.cz\/en\/#organization\",\"name\":\"CV Machining s.r.o.\",\"url\":\"https:\/\/cvmachining.cz\/en\/\",\"logo\":{\"@type\":\"ImageObject\",\"inLanguage\":\"en-US\",\"@id\":\"https:\/\/cvmachining.cz\/en\/#\/schema\/logo\/image\/\",\"url\":\"https:\/\/cvmachining.cz\/wp-content\/uploads\/2023\/02\/logo-1.svg\",\"contentUrl\":\"https:\/\/cvmachining.cz\/wp-content\/uploads\/2023\/02\/logo-1.svg\",\"width\":311,\"height\":49,\"caption\":\"CV Machining s.r.o.\"},\"image\":{\"@id\":\"https:\/\/cvmachining.cz\/en\/#\/schema\/logo\/image\/\"}}]}<\/script>\n<!-- \/ Yoast SEO plugin. -->","yoast_head_json":{"title":"About us - CV Machnining s.r.o.","description":"Specialist in productive machining of metal materials | Machining VIVA CV Zlin","robots":{"index":"index","follow":"follow","max-snippet":"max-snippet:-1","max-image-preview":"max-image-preview:large","max-video-preview":"max-video-preview:-1"},"canonical":"https:\/\/cvmachining.cz\/en\/about-us\/","og_locale":"en_US","og_type":"article","og_title":"About us - CV Machnining s.r.o.","og_description":"Specialist in productive machining of metal materials | Machining VIVA CV Zlin","og_url":"https:\/\/cvmachining.cz\/en\/about-us\/","og_site_name":"CV Machining s.r.o.","article_modified_time":"2024-05-27T12:54:32+00:00","twitter_card":"summary_large_image","schema":{"@context":"https:\/\/schema.org","@graph":[{"@type":"WebPage","@id":"https:\/\/cvmachining.cz\/en\/about-us\/","url":"https:\/\/cvmachining.cz\/en\/about-us\/","name":"About us - CV Machnining s.r.o.","isPartOf":{"@id":"https:\/\/cvmachining.cz\/en\/#website"},"datePublished":"2021-06-07T11:16:22+00:00","dateModified":"2024-05-27T12:54:32+00:00","description":"Specialist in productive machining of metal materials | Machining VIVA CV Zlin","inLanguage":"en-US","potentialAction":[{"@type":"ReadAction","target":["https:\/\/cvmachining.cz\/en\/about-us\/"]}]},{"@type":"WebSite","@id":"https:\/\/cvmachining.cz\/en\/#website","url":"https:\/\/cvmachining.cz\/en\/","name":"CV Machining s.r.o.","description":"Odborn\u00edci na obr\u00e1b\u011bn\u00ed v\u00fdkovk\u016f","publisher":{"@id":"https:\/\/cvmachining.cz\/en\/#organization"},"potentialAction":[{"@type":"SearchAction","target":{"@type":"EntryPoint","urlTemplate":"https:\/\/cvmachining.cz\/en\/?s={search_term_string}"},"query-input":{"@type":"PropertyValueSpecification","valueRequired":true,"valueName":"search_term_string"}}],"inLanguage":"en-US"},{"@type":"Organization","@id":"https:\/\/cvmachining.cz\/en\/#organization","name":"CV Machining s.r.o.","url":"https:\/\/cvmachining.cz\/en\/","logo":{"@type":"ImageObject","inLanguage":"en-US","@id":"https:\/\/cvmachining.cz\/en\/#\/schema\/logo\/image\/","url":"https:\/\/cvmachining.cz\/wp-content\/uploads\/2023\/02\/logo-1.svg","contentUrl":"https:\/\/cvmachining.cz\/wp-content\/uploads\/2023\/02\/logo-1.svg","width":311,"height":49,"caption":"CV Machining s.r.o."},"image":{"@id":"https:\/\/cvmachining.cz\/en\/#\/schema\/logo\/image\/"}}]}},"_links":{"self":[{"href":"https:\/\/cvmachining.cz\/en\/wp-json\/wp\/v2\/pages\/903"}],"collection":[{"href":"https:\/\/cvmachining.cz\/en\/wp-json\/wp\/v2\/pages"}],"about":[{"href":"https:\/\/cvmachining.cz\/en\/wp-json\/wp\/v2\/types\/page"}],"author":[{"embeddable":true,"href":"https:\/\/cvmachining.cz\/en\/wp-json\/wp\/v2\/users\/1"}],"replies":[{"embeddable":true,"href":"https:\/\/cvmachining.cz\/en\/wp-json\/wp\/v2\/comments?post=903"}],"version-history":[{"count":17,"href":"https:\/\/cvmachining.cz\/en\/wp-json\/wp\/v2\/pages\/903\/revisions"}],"predecessor-version":[{"id":996,"href":"https:\/\/cvmachining.cz\/en\/wp-json\/wp\/v2\/pages\/903\/revisions\/996"}],"wp:attachment":[{"href":"https:\/\/cvmachining.cz\/en\/wp-json\/wp\/v2\/media?parent=903"}],"curies":[{"name":"wp","href":"https:\/\/api.w.org\/{rel}","templated":true}]}}