{"id":912,"date":"2021-06-07T13:16:05","date_gmt":"2021-06-07T11:16:05","guid":{"rendered":"https:\/\/cvmachining.cz\/careers\/"},"modified":"2024-05-27T13:48:19","modified_gmt":"2024-05-27T11:48:19","slug":"career","status":"publish","type":"page","link":"https:\/\/cvmachining.cz\/en\/career\/","title":{"rendered":"Career"},"content":{"rendered":"","protected":false},"excerpt":{"rendered":"","protected":false},"author":1,"featured_media":0,"parent":0,"menu_order":0,"comment_status":"closed","ping_status":"closed","template":"templates\/career.php","meta":{"_acf_changed":false,"inline_featured_image":false,"footnotes":""},"acf":[],"yoast_head":"<!-- This site is optimized with the Yoast SEO plugin v24.5 - https:\/\/yoast.com\/wordpress\/plugins\/seo\/ -->\n<title>Career | Viva CV<\/title>\n<meta name=\"description\" content=\"Join us! If you enjoy working in engineering or want to learn something new, don&#039;t hesitate to contact us. See what job vacancies we currently offer.\" \/>\n<meta name=\"robots\" content=\"index, follow, max-snippet:-1, max-image-preview:large, max-video-preview:-1\" \/>\n<link rel=\"canonical\" href=\"https:\/\/cvmachining.cz\/en\/career\/\" \/>\n<meta property=\"og:locale\" content=\"en_US\" \/>\n<meta property=\"og:type\" content=\"article\" \/>\n<meta property=\"og:title\" content=\"Career | Viva CV\" \/>\n<meta property=\"og:description\" content=\"Join us! If you enjoy working in engineering or want to learn something new, don&#039;t hesitate to contact us. See what job vacancies we currently offer.\" \/>\n<meta property=\"og:url\" content=\"https:\/\/cvmachining.cz\/en\/career\/\" \/>\n<meta property=\"og:site_name\" content=\"CV Machining s.r.o.\" \/>\n<meta property=\"article:modified_time\" content=\"2024-05-27T11:48:19+00:00\" \/>\n<meta name=\"twitter:card\" content=\"summary_large_image\" \/>\n<script type=\"application\/ld+json\" class=\"yoast-schema-graph\">{\"@context\":\"https:\/\/schema.org\",\"@graph\":[{\"@type\":\"WebPage\",\"@id\":\"https:\/\/cvmachining.cz\/en\/career\/\",\"url\":\"https:\/\/cvmachining.cz\/en\/career\/\",\"name\":\"Career | Viva CV\",\"isPartOf\":{\"@id\":\"https:\/\/cvmachining.cz\/en\/#website\"},\"datePublished\":\"2021-06-07T11:16:05+00:00\",\"dateModified\":\"2024-05-27T11:48:19+00:00\",\"description\":\"Join us! If you enjoy working in engineering or want to learn something new, don't hesitate to contact us. See what job vacancies we currently offer.\",\"inLanguage\":\"en-US\",\"potentialAction\":[{\"@type\":\"ReadAction\",\"target\":[\"https:\/\/cvmachining.cz\/en\/career\/\"]}]},{\"@type\":\"WebSite\",\"@id\":\"https:\/\/cvmachining.cz\/en\/#website\",\"url\":\"https:\/\/cvmachining.cz\/en\/\",\"name\":\"CV Machining s.r.o.\",\"description\":\"Odborn\u00edci na obr\u00e1b\u011bn\u00ed v\u00fdkovk\u016f\",\"publisher\":{\"@id\":\"https:\/\/cvmachining.cz\/en\/#organization\"},\"potentialAction\":[{\"@type\":\"SearchAction\",\"target\":{\"@type\":\"EntryPoint\",\"urlTemplate\":\"https:\/\/cvmachining.cz\/en\/?s={search_term_string}\"},\"query-input\":{\"@type\":\"PropertyValueSpecification\",\"valueRequired\":true,\"valueName\":\"search_term_string\"}}],\"inLanguage\":\"en-US\"},{\"@type\":\"Organization\",\"@id\":\"https:\/\/cvmachining.cz\/en\/#organization\",\"name\":\"CV Machining s.r.o.\",\"url\":\"https:\/\/cvmachining.cz\/en\/\",\"logo\":{\"@type\":\"ImageObject\",\"inLanguage\":\"en-US\",\"@id\":\"https:\/\/cvmachining.cz\/en\/#\/schema\/logo\/image\/\",\"url\":\"https:\/\/cvmachining.cz\/wp-content\/uploads\/2023\/02\/logo-1.svg\",\"contentUrl\":\"https:\/\/cvmachining.cz\/wp-content\/uploads\/2023\/02\/logo-1.svg\",\"width\":311,\"height\":49,\"caption\":\"CV Machining s.r.o.\"},\"image\":{\"@id\":\"https:\/\/cvmachining.cz\/en\/#\/schema\/logo\/image\/\"}}]}<\/script>\n<!-- \/ Yoast SEO plugin. -->","yoast_head_json":{"title":"Career | Viva CV","description":"Join us! If you enjoy working in engineering or want to learn something new, don't hesitate to contact us. See what job vacancies we currently offer.","robots":{"index":"index","follow":"follow","max-snippet":"max-snippet:-1","max-image-preview":"max-image-preview:large","max-video-preview":"max-video-preview:-1"},"canonical":"https:\/\/cvmachining.cz\/en\/career\/","og_locale":"en_US","og_type":"article","og_title":"Career | Viva CV","og_description":"Join us! If you enjoy working in engineering or want to learn something new, don't hesitate to contact us. See what job vacancies we currently offer.","og_url":"https:\/\/cvmachining.cz\/en\/career\/","og_site_name":"CV Machining s.r.o.","article_modified_time":"2024-05-27T11:48:19+00:00","twitter_card":"summary_large_image","schema":{"@context":"https:\/\/schema.org","@graph":[{"@type":"WebPage","@id":"https:\/\/cvmachining.cz\/en\/career\/","url":"https:\/\/cvmachining.cz\/en\/career\/","name":"Career | Viva CV","isPartOf":{"@id":"https:\/\/cvmachining.cz\/en\/#website"},"datePublished":"2021-06-07T11:16:05+00:00","dateModified":"2024-05-27T11:48:19+00:00","description":"Join us! If you enjoy working in engineering or want to learn something new, don't hesitate to contact us. See what job vacancies we currently offer.","inLanguage":"en-US","potentialAction":[{"@type":"ReadAction","target":["https:\/\/cvmachining.cz\/en\/career\/"]}]},{"@type":"WebSite","@id":"https:\/\/cvmachining.cz\/en\/#website","url":"https:\/\/cvmachining.cz\/en\/","name":"CV Machining s.r.o.","description":"Odborn\u00edci na obr\u00e1b\u011bn\u00ed v\u00fdkovk\u016f","publisher":{"@id":"https:\/\/cvmachining.cz\/en\/#organization"},"potentialAction":[{"@type":"SearchAction","target":{"@type":"EntryPoint","urlTemplate":"https:\/\/cvmachining.cz\/en\/?s={search_term_string}"},"query-input":{"@type":"PropertyValueSpecification","valueRequired":true,"valueName":"search_term_string"}}],"inLanguage":"en-US"},{"@type":"Organization","@id":"https:\/\/cvmachining.cz\/en\/#organization","name":"CV Machining s.r.o.","url":"https:\/\/cvmachining.cz\/en\/","logo":{"@type":"ImageObject","inLanguage":"en-US","@id":"https:\/\/cvmachining.cz\/en\/#\/schema\/logo\/image\/","url":"https:\/\/cvmachining.cz\/wp-content\/uploads\/2023\/02\/logo-1.svg","contentUrl":"https:\/\/cvmachining.cz\/wp-content\/uploads\/2023\/02\/logo-1.svg","width":311,"height":49,"caption":"CV Machining s.r.o."},"image":{"@id":"https:\/\/cvmachining.cz\/en\/#\/schema\/logo\/image\/"}}]}},"_links":{"self":[{"href":"https:\/\/cvmachining.cz\/en\/wp-json\/wp\/v2\/pages\/912"}],"collection":[{"href":"https:\/\/cvmachining.cz\/en\/wp-json\/wp\/v2\/pages"}],"about":[{"href":"https:\/\/cvmachining.cz\/en\/wp-json\/wp\/v2\/types\/page"}],"author":[{"embeddable":true,"href":"https:\/\/cvmachining.cz\/en\/wp-json\/wp\/v2\/users\/1"}],"replies":[{"embeddable":true,"href":"https:\/\/cvmachining.cz\/en\/wp-json\/wp\/v2\/comments?post=912"}],"version-history":[{"count":9,"href":"https:\/\/cvmachining.cz\/en\/wp-json\/wp\/v2\/pages\/912\/revisions"}],"predecessor-version":[{"id":973,"href":"https:\/\/cvmachining.cz\/en\/wp-json\/wp\/v2\/pages\/912\/revisions\/973"}],"wp:attachment":[{"href":"https:\/\/cvmachining.cz\/en\/wp-json\/wp\/v2\/media?parent=912"}],"curies":[{"name":"wp","href":"https:\/\/api.w.org\/{rel}","templated":true}]}}